{"id":9575,"date":"2021-10-21T20:19:59","date_gmt":"2021-10-21T19:19:59","guid":{"rendered":"https:\/\/new.ricardomata.net\/?page_id=9575"},"modified":"2021-11-04T20:06:10","modified_gmt":"2021-11-04T20:06:10","slug":"ajuda-loja","status":"publish","type":"page","link":"https:\/\/www.ricardomata.net\/en\/loja\/ajuda-loja\/","title":{"rendered":"Ajuda &#8211; Loja"},"content":{"rendered":"<div id=\"fws_69f714d1b9d70\"  data-column-margin=\"default\" data-midnight=\"dark\"  class=\"wpb_row vc_row-fluid vc_row full-width-section\"  style=\"padding-top: 100px; padding-bottom: 0px; \"><div class=\"row-bg-wrap\" data-bg-animation=\"none\" data-bg-animation-delay=\"\" data-bg-overlay=\"false\"><div class=\"inner-wrap row-bg-layer\" ><div class=\"row-bg viewport-desktop\"  style=\"\"><\/div><\/div><\/div><div class=\"row_col_wrap_12 col span_12 dark left\">\n\t<div  class=\"vc_col-sm-12 wpb_column column_container vc_column_container col no-extra-padding inherit_tablet inherit_phone\"  data-padding-pos=\"all\" data-has-bg-color=\"false\" data-bg-color=\"\" data-bg-opacity=\"1\" data-animation=\"\" data-delay=\"0\" >\n\t\t<div class=\"vc_column-inner\" >\n\t\t\t<div class=\"wpb_wrapper\">\n\t\t\t\t<div class=\"nectar-highlighted-text\" data-style=\"half_text\" data-exp=\"default\" data-using-custom-color=\"true\" data-animation-delay=\"false\" data-color=\"#e1e4f7\" data-color-gradient=\"\" style=\"\"><h2>Help \u2014 <em>Shop<\/em><\/h2>\n<\/div>\n\t\t\t<\/div> \n\t\t<\/div>\n\t<\/div> \n<\/div><\/div>\n\t\t<div id=\"fws_69f714d1bbddc\"  data-column-margin=\"default\" data-midnight=\"dark\"  class=\"wpb_row vc_row-fluid vc_row\"  style=\"padding-top: 50px; padding-bottom: 100px; \"><div class=\"row-bg-wrap\" data-bg-animation=\"none\" data-bg-animation-delay=\"\" data-bg-overlay=\"false\"><div class=\"inner-wrap row-bg-layer\" ><div class=\"row-bg viewport-desktop\"  style=\"\"><\/div><\/div><\/div><div class=\"row_col_wrap_12 col span_12 dark left\">\n\t<div  class=\"vc_col-sm-6 wpb_column column_container vc_column_container col no-extra-padding inherit_tablet inherit_phone\"  data-padding-pos=\"all\" data-has-bg-color=\"false\" data-bg-color=\"\" data-bg-opacity=\"1\" data-animation=\"\" data-delay=\"0\" >\n\t\t<div class=\"vc_column-inner\" >\n\t\t\t<div class=\"wpb_wrapper\">\n\t\t\t\t<div class=\"toggles accordion\" data-br=\"\" data-starting=\"closed\" data-style=\"minimal\"><div class=\"toggle default\" data-inner-wrap=\"true\"><h3 class=\"toggle-title\"><a href=\"#\" role=\"button\" class=\"toggle-heading\"><i role=\"presentation\" class=\"fa fa-plus\"><\/i>Is it safe to buy here through your page?<\/a><\/h3><div><div class=\"inner-toggle-wrap\">\n<div class=\"wpb_text_column wpb_content_element\" >\n\t<p>Yes, completely safe. The transaction through PayPal\u00ae is encrypted and secure; you can see the padlock symbol next to the address. You can also choose bank transfer if you don't have a credit card or PayPal\u00ae account.<\/p>\n<\/div>\n\n\n\n<\/div><\/div><\/div><div class=\"toggle default\" data-inner-wrap=\"true\"><h3 class=\"toggle-title\"><a href=\"#\" role=\"button\" class=\"toggle-heading\"><i role=\"presentation\" class=\"fa fa-plus\"><\/i>Do I have to create an account? Why?<\/a><\/h3><div><div class=\"inner-toggle-wrap\">\n<div class=\"wpb_text_column wpb_content_element\" >\n\t<p>Yes. In order to access your area of this page and have access to the products you bought, anywhere with access to the page.<\/p>\n<\/div>\n\n\n\n<\/div><\/div><\/div><div class=\"toggle default\" data-inner-wrap=\"true\"><h3 class=\"toggle-title\"><a href=\"#\" role=\"button\" class=\"toggle-heading\"><i role=\"presentation\" class=\"fa fa-plus\"><\/i>How do I create my account?<\/a><\/h3><div><div class=\"inner-toggle-wrap\">\n<div class=\"wpb_text_column wpb_content_element\" >\n\t<p>Easy, just finalize your first purchase here on the website, and at the end before payment, you have fields to fill in with your details. After the first purchase, you will always have access to your account in the menu. <a href=\"https:\/\/www.ricardomata.net\/en\/minha-conta\/\">Loja &#8211; A Minha Conta<\/a><\/p>\n<\/div>\n\n\n\n<\/div><\/div><\/div><div class=\"toggle default\" data-inner-wrap=\"true\"><h3 class=\"toggle-title\"><a href=\"#\" role=\"button\" class=\"toggle-heading\"><i role=\"presentation\" class=\"fa fa-plus\"><\/i>What payment methods can I use?<\/a><\/h3><div><div class=\"inner-toggle-wrap\">\n<div class=\"wpb_text_column wpb_content_element\" >\n\t<p>We accept PayPal\u00ae and Bank Transfer as payment methods.<\/p>\n<\/div>\n\n\n\n<\/div><\/div><\/div><div class=\"toggle default\" data-inner-wrap=\"true\"><h3 class=\"toggle-title\"><a href=\"#\" role=\"button\" class=\"toggle-heading\"><i role=\"presentation\" class=\"fa fa-plus\"><\/i>Do I need to have a PayPal\u00ae account to use my credit card?<\/a><\/h3><div><div class=\"inner-toggle-wrap\">\n<div class=\"wpb_text_column wpb_content_element\" >\n\t<p>No. The PayPal\u00ae payment system allows you to make payment with your credit card without creating an account, completely safe.<\/p>\n<\/div>\n\n\n\n<\/div><\/div><\/div><div class=\"toggle default\" data-inner-wrap=\"true\"><h3 class=\"toggle-title\"><a href=\"#\" role=\"button\" class=\"toggle-heading\"><i role=\"presentation\" class=\"fa fa-plus\"><\/i>How do I access my products?<\/a><\/h3><div><div class=\"inner-toggle-wrap\">\n<div class=\"wpb_text_column wpb_content_element\" >\n\t<p class=\"translation-block\">Just go to the menu <strong>Store \u2013 My Account<\/strong> \u2013 log in with the credentials you created and access the menu on the left side \u2013 <strong>Downloads<\/strong>. Here you always have access to all the products you purchased.<\/p>\n<\/div>\n\n\n\n<\/div><\/div><\/div><div class=\"toggle default\" data-inner-wrap=\"true\"><h3 class=\"toggle-title\"><a href=\"#\" role=\"button\" class=\"toggle-heading\"><i role=\"presentation\" class=\"fa fa-plus\"><\/i>I paid by bank transfer, how do I access the products?<\/a><\/h3><div><div class=\"inner-toggle-wrap\">\n<div class=\"wpb_text_column wpb_content_element\" >\n\t<p class=\"translation-block\">To gain immediate access to the products you purchased, simply send the proof of transaction to the email <a href=\"mailto:escola@ricardomata.net\" target=\"_self\">escola@ricardomata.net<\/a>.<\/p>\n<\/div>\n\n\n\n<\/div><\/div><\/div><div class=\"toggle default\" data-inner-wrap=\"true\"><h3 class=\"toggle-title\"><a href=\"#\" role=\"button\" class=\"toggle-heading\"><i role=\"presentation\" class=\"fa fa-plus\"><\/i>How long does it take to access what I bought?<\/a><\/h3><div><div class=\"inner-toggle-wrap\">\n<div class=\"wpb_text_column wpb_content_element\" >\n\t<p>If you paid by credit card or PayPal\u00ae, access is immediate. If you paid by bank transfer, you will have access as soon as we receive your proof of payment. You will receive an email with the information that you can access your products.<\/p>\n<\/div>\n\n\n\n<\/div><\/div><\/div><\/div>\n\t\t\t<\/div> \n\t\t<\/div>\n\t<\/div> \n\n\t<div  class=\"vc_col-sm-6 wpb_column column_container vc_column_container col no-extra-padding inherit_tablet inherit_phone\"  data-padding-pos=\"all\" data-has-bg-color=\"false\" data-bg-color=\"\" data-bg-opacity=\"1\" data-animation=\"\" data-delay=\"0\" >\n\t\t<div class=\"vc_column-inner\" >\n\t\t\t<div class=\"wpb_wrapper\">\n\t\t\t\t<div class=\"toggles accordion\" data-br=\"\" data-starting=\"closed\" data-style=\"minimal\"><div class=\"toggle default\" data-inner-wrap=\"true\"><h3 class=\"toggle-title\"><a href=\"#\" role=\"button\" class=\"toggle-heading\"><i role=\"presentation\" class=\"fa fa-plus\"><\/i>I received a promo code, where do I enter it?<\/a><\/h3><div><div class=\"inner-toggle-wrap\">\n<div class=\"wpb_text_column wpb_content_element\" >\n\t<p>You will need to make a purchase of a product from the Store. After accessing the cart and before finalizing the purchase, there is a place to enter the promotional code \u2013 Apply Coupon. The discount is applied automatically.<\/p>\n<\/div>\n\n\n\n<\/div><\/div><\/div><div class=\"toggle default\" data-inner-wrap=\"true\"><h3 class=\"toggle-title\"><a href=\"#\" role=\"button\" class=\"toggle-heading\"><i role=\"presentation\" class=\"fa fa-plus\"><\/i>If you cancel your account, will you lose access to your products?<\/a><\/h3><div><div class=\"inner-toggle-wrap\">\n<div class=\"wpb_text_column wpb_content_element\" >\n\t<p>Yes. The products are associated with your user account, through which you access them.<\/p>\n<\/div>\n\n\n\n<\/div><\/div><\/div><div class=\"toggle default\" data-inner-wrap=\"true\"><h3 class=\"toggle-title\"><a href=\"#\" role=\"button\" class=\"toggle-heading\"><i role=\"presentation\" class=\"fa fa-plus\"><\/i>If I accidentally cancel my account, can I recover what I purchased?<\/a><\/h3><div><div class=\"inner-toggle-wrap\">\n<div class=\"wpb_text_column wpb_content_element\" >\n\t<p class=\"translation-block\">Sim. Basta enviar um email para <a href=\"mailto:escola@ricardomata.net\" target=\"_self\">escola@ricardomata.net<\/a> com os seus dados e os produtos que comprou para ser gerada uma nova conta.<\/p>\n<\/div>\n\n\n\n<\/div><\/div><\/div><div class=\"toggle default\" data-inner-wrap=\"true\"><h3 class=\"toggle-title\"><a href=\"#\" role=\"button\" class=\"toggle-heading\"><i role=\"presentation\" class=\"fa fa-plus\"><\/i>Do I need to print the proof to bring to the first class?<\/a><\/h3><div><div class=\"inner-toggle-wrap\">\n<div class=\"wpb_text_column wpb_content_element\" >\n\t<p>No, if you have a smartphone or a tablet, you can bring the PDF on it and show it to the teacher.<\/p>\n<\/div>\n\n\n\n<\/div><\/div><\/div><div class=\"toggle default\" data-inner-wrap=\"true\"><h3 class=\"toggle-title\"><a href=\"#\" role=\"button\" class=\"toggle-heading\"><i role=\"presentation\" class=\"fa fa-plus\"><\/i>Is it possible to download the sheet music I purchased to my computer\/mobile device?<\/a><\/h3><div><div class=\"inner-toggle-wrap\">\n<div class=\"wpb_text_column wpb_content_element\" >\n\t<p>No, they are yours forever, but you can only view\/read them by accessing your reserved area on this site.<\/p>\n<\/div>\n\n\n\n<\/div><\/div><\/div><\/div>\n\t\t\t<\/div> \n\t\t<\/div>\n\t<\/div> \n<\/div><\/div>","protected":false},"excerpt":{"rendered":"Ajuda \u2014 Loja \u00c9 seguro comprar aqui pela sua p\u00e1gina? Sim, completamente seguro. A transa\u00e7\u00e3o pelo PayPal\u00ae \u00e9 encriptada e segura, pode ver o s\u00edmbolo do cadeado junto ao endere\u00e7o....","protected":false},"author":1,"featured_media":0,"parent":6,"menu_order":0,"comment_status":"closed","ping_status":"closed","template":"","meta":{"inline_featured_image":false,"footnotes":""},"class_list":["post-9575","page","type-page","status-publish"],"yoast_head":"<!-- This site is optimized with the Yoast SEO plugin v27.5 - https:\/\/yoast.com\/product\/yoast-seo-wordpress\/ -->\n<title>Ajuda - Loja - Ricardo Mata - Professor de M\u00fasica<\/title>\n<meta name=\"robots\" content=\"index, follow, max-snippet:-1, max-image-preview:large, max-video-preview:-1\" \/>\n<link rel=\"canonical\" href=\"https:\/\/www.ricardomata.net\/en\/loja\/ajuda-loja\/\" \/>\n<meta property=\"og:locale\" content=\"en_GB\" \/>\n<meta property=\"og:type\" content=\"article\" \/>\n<meta property=\"og:title\" content=\"Ajuda - Loja - Ricardo Mata - Professor de M\u00fasica\" \/>\n<meta property=\"og:url\" content=\"https:\/\/www.ricardomata.net\/en\/loja\/ajuda-loja\/\" \/>\n<meta property=\"og:site_name\" content=\"Ricardo Mata - Professor de M\u00fasica\" \/>\n<meta property=\"article:publisher\" content=\"https:\/\/www.facebook.com\/EscolaMusicaRicardoMata\" \/>\n<meta property=\"article:modified_time\" content=\"2021-11-04T20:06:10+00:00\" \/>\n<meta property=\"og:image\" content=\"https:\/\/www.ricardomata.net\/wp-content\/uploads\/2021\/11\/home-slider-guitarra-portuguesa.jpg\" \/>\n\t<meta property=\"og:image:width\" content=\"1619\" \/>\n\t<meta property=\"og:image:height\" content=\"1080\" \/>\n\t<meta property=\"og:image:type\" content=\"image\/jpeg\" \/>\n<meta name=\"twitter:card\" content=\"summary_large_image\" \/>\n<meta name=\"twitter:site\" content=\"@ricardomata_net\" \/>\n<meta name=\"twitter:label1\" content=\"Estimated reading time\" \/>\n\t<meta name=\"twitter:data1\" content=\"5 minutes\" \/>\n<script type=\"application\/ld+json\" class=\"yoast-schema-graph\">{\"@context\":\"https:\\\/\\\/schema.org\",\"@graph\":[{\"@type\":\"WebPage\",\"@id\":\"https:\\\/\\\/www.ricardomata.net\\\/loja\\\/ajuda-loja\\\/\",\"url\":\"https:\\\/\\\/www.ricardomata.net\\\/loja\\\/ajuda-loja\\\/\",\"name\":\"Ajuda - Loja - Ricardo Mata - Professor de M\u00fasica\",\"isPartOf\":{\"@id\":\"https:\\\/\\\/www.ricardomata.net\\\/#website\"},\"datePublished\":\"2021-10-21T19:19:59+00:00\",\"dateModified\":\"2021-11-04T20:06:10+00:00\",\"breadcrumb\":{\"@id\":\"https:\\\/\\\/www.ricardomata.net\\\/loja\\\/ajuda-loja\\\/#breadcrumb\"},\"inLanguage\":\"en-GB\",\"potentialAction\":[{\"@type\":\"ReadAction\",\"target\":[\"https:\\\/\\\/www.ricardomata.net\\\/loja\\\/ajuda-loja\\\/\"]}]},{\"@type\":\"BreadcrumbList\",\"@id\":\"https:\\\/\\\/www.ricardomata.net\\\/loja\\\/ajuda-loja\\\/#breadcrumb\",\"itemListElement\":[{\"@type\":\"ListItem\",\"position\":1,\"name\":\"In\u00edcio\",\"item\":\"https:\\\/\\\/www.ricardomata.net\\\/\"},{\"@type\":\"ListItem\",\"position\":2,\"name\":\"Loja\",\"item\":\"https:\\\/\\\/www.ricardomata.net\\\/en\\\/loja\\\/\"},{\"@type\":\"ListItem\",\"position\":3,\"name\":\"Ajuda &#8211; Loja\"}]},{\"@type\":\"WebSite\",\"@id\":\"https:\\\/\\\/www.ricardomata.net\\\/#website\",\"url\":\"https:\\\/\\\/www.ricardomata.net\\\/\",\"name\":\"Ricardo Mata \u2014 Professor de Guitarra Cl\u00e1ssica e Portuguesa\",\"description\":\"Aulas de Guitarra Cl\u00e1ssica e Guitarra Portuguesa\",\"publisher\":{\"@id\":\"https:\\\/\\\/www.ricardomata.net\\\/#organization\"},\"alternateName\":\"Ricardo Mata\",\"potentialAction\":[{\"@type\":\"SearchAction\",\"target\":{\"@type\":\"EntryPoint\",\"urlTemplate\":\"https:\\\/\\\/www.ricardomata.net\\\/?s={search_term_string}\"},\"query-input\":{\"@type\":\"PropertyValueSpecification\",\"valueRequired\":true,\"valueName\":\"search_term_string\"}}],\"inLanguage\":\"en-GB\"},{\"@type\":\"Organization\",\"@id\":\"https:\\\/\\\/www.ricardomata.net\\\/#organization\",\"name\":\"Ricardo Mata \u2014 Professor de Guitarra Cl\u00e1ssica e Portuguesa\",\"alternateName\":\"Ricardo Mata\",\"url\":\"https:\\\/\\\/www.ricardomata.net\\\/\",\"logo\":{\"@type\":\"ImageObject\",\"inLanguage\":\"en-GB\",\"@id\":\"https:\\\/\\\/www.ricardomata.net\\\/#\\\/schema\\\/logo\\\/image\\\/\",\"url\":\"https:\\\/\\\/www.ricardomata.net\\\/wp-content\\\/uploads\\\/2021\\\/08\\\/mata-2.png\",\"contentUrl\":\"https:\\\/\\\/www.ricardomata.net\\\/wp-content\\\/uploads\\\/2021\\\/08\\\/mata-2.png\",\"width\":300,\"height\":300,\"caption\":\"Ricardo Mata \u2014 Professor de Guitarra Cl\u00e1ssica e Portuguesa\"},\"image\":{\"@id\":\"https:\\\/\\\/www.ricardomata.net\\\/#\\\/schema\\\/logo\\\/image\\\/\"},\"sameAs\":[\"https:\\\/\\\/www.facebook.com\\\/EscolaMusicaRicardoMata\",\"https:\\\/\\\/x.com\\\/ricardomata_net\",\"https:\\\/\\\/www.instagram.com\\\/escola_de_musica_ricardomata\\\/\",\"https:\\\/\\\/www.youtube.com\\\/ferreiramata\"]}]}<\/script>\n<!-- \/ Yoast SEO plugin. -->","yoast_head_json":{"title":"Ajuda - Loja - Ricardo Mata - Professor de M\u00fasica","robots":{"index":"index","follow":"follow","max-snippet":"max-snippet:-1","max-image-preview":"max-image-preview:large","max-video-preview":"max-video-preview:-1"},"canonical":"https:\/\/www.ricardomata.net\/en\/loja\/ajuda-loja\/","og_locale":"en_GB","og_type":"article","og_title":"Ajuda - Loja - Ricardo Mata - Professor de M\u00fasica","og_url":"https:\/\/www.ricardomata.net\/en\/loja\/ajuda-loja\/","og_site_name":"Ricardo Mata - Professor de M\u00fasica","article_publisher":"https:\/\/www.facebook.com\/EscolaMusicaRicardoMata","article_modified_time":"2021-11-04T20:06:10+00:00","og_image":[{"width":1619,"height":1080,"url":"https:\/\/www.ricardomata.net\/wp-content\/uploads\/2021\/11\/home-slider-guitarra-portuguesa.jpg","type":"image\/jpeg"}],"twitter_card":"summary_large_image","twitter_site":"@ricardomata_net","twitter_misc":{"Estimated reading time":"5 minutes"},"schema":{"@context":"https:\/\/schema.org","@graph":[{"@type":"WebPage","@id":"https:\/\/www.ricardomata.net\/loja\/ajuda-loja\/","url":"https:\/\/www.ricardomata.net\/loja\/ajuda-loja\/","name":"Ajuda - Loja - Ricardo Mata - Professor de M\u00fasica","isPartOf":{"@id":"https:\/\/www.ricardomata.net\/#website"},"datePublished":"2021-10-21T19:19:59+00:00","dateModified":"2021-11-04T20:06:10+00:00","breadcrumb":{"@id":"https:\/\/www.ricardomata.net\/loja\/ajuda-loja\/#breadcrumb"},"inLanguage":"en-GB","potentialAction":[{"@type":"ReadAction","target":["https:\/\/www.ricardomata.net\/loja\/ajuda-loja\/"]}]},{"@type":"BreadcrumbList","@id":"https:\/\/www.ricardomata.net\/loja\/ajuda-loja\/#breadcrumb","itemListElement":[{"@type":"ListItem","position":1,"name":"In\u00edcio","item":"https:\/\/www.ricardomata.net\/"},{"@type":"ListItem","position":2,"name":"Loja","item":"https:\/\/www.ricardomata.net\/en\/loja\/"},{"@type":"ListItem","position":3,"name":"Ajuda &#8211; Loja"}]},{"@type":"WebSite","@id":"https:\/\/www.ricardomata.net\/#website","url":"https:\/\/www.ricardomata.net\/","name":"Ricardo Mata \u2014 Professor de Guitarra Cl\u00e1ssica e Portuguesa","description":"Aulas de Guitarra Cl\u00e1ssica e Guitarra Portuguesa","publisher":{"@id":"https:\/\/www.ricardomata.net\/#organization"},"alternateName":"Ricardo Mata","potentialAction":[{"@type":"SearchAction","target":{"@type":"EntryPoint","urlTemplate":"https:\/\/www.ricardomata.net\/?s={search_term_string}"},"query-input":{"@type":"PropertyValueSpecification","valueRequired":true,"valueName":"search_term_string"}}],"inLanguage":"en-GB"},{"@type":"Organization","@id":"https:\/\/www.ricardomata.net\/#organization","name":"Ricardo Mata \u2014 Professor de Guitarra Cl\u00e1ssica e Portuguesa","alternateName":"Ricardo Mata","url":"https:\/\/www.ricardomata.net\/","logo":{"@type":"ImageObject","inLanguage":"en-GB","@id":"https:\/\/www.ricardomata.net\/#\/schema\/logo\/image\/","url":"https:\/\/www.ricardomata.net\/wp-content\/uploads\/2021\/08\/mata-2.png","contentUrl":"https:\/\/www.ricardomata.net\/wp-content\/uploads\/2021\/08\/mata-2.png","width":300,"height":300,"caption":"Ricardo Mata \u2014 Professor de Guitarra Cl\u00e1ssica e Portuguesa"},"image":{"@id":"https:\/\/www.ricardomata.net\/#\/schema\/logo\/image\/"},"sameAs":["https:\/\/www.facebook.com\/EscolaMusicaRicardoMata","https:\/\/x.com\/ricardomata_net","https:\/\/www.instagram.com\/escola_de_musica_ricardomata\/","https:\/\/www.youtube.com\/ferreiramata"]}]}},"_links":{"self":[{"href":"https:\/\/www.ricardomata.net\/en\/wp-json\/wp\/v2\/pages\/9575","targetHints":{"allow":["GET"]}}],"collection":[{"href":"https:\/\/www.ricardomata.net\/en\/wp-json\/wp\/v2\/pages"}],"about":[{"href":"https:\/\/www.ricardomata.net\/en\/wp-json\/wp\/v2\/types\/page"}],"author":[{"embeddable":true,"href":"https:\/\/www.ricardomata.net\/en\/wp-json\/wp\/v2\/users\/1"}],"replies":[{"embeddable":true,"href":"https:\/\/www.ricardomata.net\/en\/wp-json\/wp\/v2\/comments?post=9575"}],"version-history":[{"count":0,"href":"https:\/\/www.ricardomata.net\/en\/wp-json\/wp\/v2\/pages\/9575\/revisions"}],"up":[{"embeddable":true,"href":"https:\/\/www.ricardomata.net\/en\/wp-json\/wp\/v2\/pages\/6"}],"wp:attachment":[{"href":"https:\/\/www.ricardomata.net\/en\/wp-json\/wp\/v2\/media?parent=9575"}],"curies":[{"name":"wp","href":"https:\/\/api.w.org\/{rel}","templated":true}]}}