{"id":9604,"date":"2021-11-04T19:37:44","date_gmt":"2021-11-04T19:37:44","guid":{"rendered":"https:\/\/new.ricardomata.net\/?page_id=9604"},"modified":"2021-11-22T11:48:44","modified_gmt":"2021-11-22T11:48:44","slug":"solicitar-orcamento-tablatura","status":"publish","type":"page","link":"https:\/\/www.ricardomata.net\/en\/solicitar-orcamento-tablatura\/","title":{"rendered":"Solicitar Or\u00e7amento &#8211; Tablatura"},"content":{"rendered":"<div id=\"fws_69e4db011c2a9\"  data-column-margin=\"default\" data-midnight=\"dark\" data-top-percent=\"10%\" data-bottom-percent=\"10%\"  class=\"wpb_row vc_row-fluid vc_row full-width-section parallax_section\"  style=\"padding-top: calc(100vw * 0.10); padding-bottom: calc(100vw * 0.10); \"><div class=\"row-bg-wrap\" data-bg-animation=\"none\" data-bg-animation-delay=\"\" data-bg-overlay=\"false\"><div class=\"inner-wrap row-bg-layer\" ><div class=\"row-bg viewport-desktop using-bg-color\" data-parallax-speed=\"fast\" style=\"background-color: #f7f7f7; \"><\/div><\/div><\/div><div class=\"row_col_wrap_12 col span_12 dark left\">\n\t<div  class=\"vc_col-sm-5 wpb_column column_container vc_column_container col no-extra-padding inherit_tablet inherit_phone\"  data-padding-pos=\"all\" data-has-bg-color=\"false\" data-bg-color=\"\" data-bg-opacity=\"1\" data-animation=\"\" data-delay=\"0\" >\n\t\t<div class=\"vc_column-inner\" >\n\t\t\t<div class=\"wpb_wrapper\">\n\t\t\t\t<div id=\"fws_69e4db0120587\" data-midnight=\"\" data-column-margin=\"default\" class=\"wpb_row vc_row-fluid vc_row inner_row\"  style=\"\"><div class=\"row-bg-wrap\"> <div class=\"row-bg\" ><\/div> <\/div><div class=\"row_col_wrap_12_inner col span_12  left\">\n\t<div  class=\"vc_col-sm-12 wpb_column column_container vc_column_container col child_column no-extra-padding inherit_tablet inherit_phone\"   data-padding-pos=\"all\" data-has-bg-color=\"false\" data-bg-color=\"\" data-bg-opacity=\"1\" data-animation=\"\" data-delay=\"0\" >\n\t\t<div class=\"vc_column-inner\" >\n\t\t<div class=\"wpb_wrapper\">\n\t\t\t\n<div class=\"wpb_text_column wpb_content_element  vc_custom_1636055110649\" >\n\t<h5>Send me an email and receive the tablature in a few days.<\/h5>\n<\/div>\n\n\n\n<div class=\"nectar-highlighted-text\" data-style=\"half_text\" data-exp=\"default\" data-using-custom-color=\"true\" data-animation-delay=\"false\" data-color=\"rgba(52,82,255,0.33)\" data-color-gradient=\"\" style=\"\"><h2>Request Quote \u2013 <em>Tablature<\/em><\/h2>\n<\/div>\n\t\t<\/div> \n\t<\/div>\n\t<\/div> \n<\/div><\/div>\n<div class=\"wpb_text_column wpb_content_element  vc_custom_1636055986583\" >\n\t<h5>*Note: Price varies depending on the song and length of order. You will be contacted in advance by email.<\/h5>\n<\/div>\n\n\n\n<div class=\"divider-wrap\" data-alignment=\"default\"><div style=\"margin-top: 50px; height: 1px; margin-bottom: 50px;\" data-width=\"100%\" data-animate=\"\" data-animation-delay=\"\" data-color=\"default\" class=\"divider-border\"><\/div><\/div>\n\t\t\t<\/div> \n\t\t<\/div>\n\t<\/div> \n\n\t<div  class=\"vc_col-sm-7 wpb_column column_container vc_column_container col no-extra-padding inherit_tablet inherit_phone\"  data-padding-pos=\"all\" data-has-bg-color=\"false\" data-bg-color=\"\" data-bg-opacity=\"1\" data-animation=\"\" data-delay=\"0\" >\n\t\t<div class=\"vc_column-inner\" >\n\t\t\t<div class=\"wpb_wrapper\">\n\t\t\t\t\n<div class=\"wpcf7 no-js\" id=\"wpcf7-f9606-o1\" lang=\"pt-PT\" dir=\"ltr\" data-wpcf7-id=\"9606\">\n<div class=\"screen-reader-response\"><p role=\"status\" aria-live=\"polite\" aria-atomic=\"true\"><\/p> <ul><\/ul><\/div>\n<form action=\"\/en\/wp-json\/wp\/v2\/pages\/9604#wpcf7-f9606-o1\" method=\"post\" class=\"wpcf7-form init\" aria-label=\"Formul\u00e1rio de contacto\" novalidate=\"novalidate\" data-status=\"init\" data-trp-original-action=\"\/en\/wp-json\/wp\/v2\/pages\/9604#wpcf7-f9606-o1\">\n<fieldset class=\"hidden-fields-container\"><input type=\"hidden\" name=\"_wpcf7\" value=\"9606\" \/><input type=\"hidden\" name=\"_wpcf7_version\" value=\"6.1.5\" \/><input type=\"hidden\" name=\"_wpcf7_locale\" value=\"pt_PT\" \/><input type=\"hidden\" name=\"_wpcf7_unit_tag\" value=\"wpcf7-f9606-o1\" \/><input type=\"hidden\" name=\"_wpcf7_container_post\" value=\"0\" \/><input type=\"hidden\" name=\"_wpcf7_posted_data_hash\" value=\"\" \/>\n<\/fieldset>\n<div class=\"nectar-wpcf7-inline-form\">\n\t<div class=\"nectar-wpcf7-inline-field\">\n\t\t<p><label>Name <span class=\"wpcf7-form-control-wrap\" data-name=\"your-name\"><input size=\"40\" maxlength=\"400\" class=\"wpcf7-form-control wpcf7-text wpcf7-validates-as-required\" aria-required=\"true\" aria-invalid=\"false\" placeholder=\"Name*\" value=\"\" type=\"text\" name=\"your-name\" \/><\/span><\/label>\n\t\t<\/p>\n\t<\/div>\n\t<div class=\"nectar-wpcf7-inline-field\">\n\t\t<p><label>E-mail <span class=\"wpcf7-form-control-wrap\" data-name=\"your-email\"><input size=\"40\" maxlength=\"400\" class=\"wpcf7-form-control wpcf7-email wpcf7-validates-as-required wpcf7-text wpcf7-validates-as-email\" aria-required=\"true\" aria-invalid=\"false\" placeholder=\"E-mail*\" value=\"\" type=\"email\" name=\"your-email\" \/><\/span> <\/label>\n\t\t<\/p>\n\t<\/div>\n<\/div>\n<div class=\"nectar-wpcf7-inline-form\">\n\t<div class=\"nectar-wpcf7-inline-field\">\n\t\t<p><label>Music <span class=\"wpcf7-form-control-wrap\" data-name=\"musica\"><input size=\"40\" maxlength=\"400\" class=\"wpcf7-form-control wpcf7-text wpcf7-validates-as-required\" aria-required=\"true\" aria-invalid=\"false\" placeholder=\"Music Name*\" value=\"\" type=\"text\" name=\"musica\" \/><\/span><\/label>\n\t\t<\/p>\n\t<\/div>\n\t<div class=\"nectar-wpcf7-inline-field\">\n\t\t<p><label>Composer\/ Musician <span class=\"wpcf7-form-control-wrap\" data-name=\"autor\"><input size=\"40\" maxlength=\"400\" class=\"wpcf7-form-control wpcf7-text wpcf7-validates-as-required\" aria-required=\"true\" aria-invalid=\"false\" placeholder=\"Composer\/ Musician\" value=\"\" type=\"text\" name=\"autor\" \/><\/span><\/label>\n\t\t<\/p>\n\t<\/div>\n<\/div>\n<p><label> Message* <span class=\"wpcf7-form-control-wrap\" data-name=\"textarea-assunto\"><textarea cols=\"40\" rows=\"10\" maxlength=\"2000\" class=\"wpcf7-form-control wpcf7-textarea wpcf7-validates-as-required\" aria-required=\"true\" aria-invalid=\"false\" placeholder=\"More information about tablature*\" name=\"textarea-assunto\"><\/textarea><\/span> <\/label>\n<\/p>\n<p><span class=\"wpcf7-form-control-wrap\" data-name=\"acceptance-gdpr\"><span class=\"wpcf7-form-control wpcf7-acceptance\"><span class=\"wpcf7-list-item\"><label><input type=\"checkbox\" name=\"acceptance-gdpr\" value=\"1\" aria-invalid=\"false\" \/><span class=\"wpcf7-list-item-label\">\"By using this form, you agree with the storage and management of your data by this website.\"<\/span><\/label><\/span><\/span><\/span><br \/>\n<span id=\"wpcf7-69e4db013643d-wrapper\" class=\"wpcf7-form-control-wrap honeypot-web-wrap\" style=\"display:none !important; visibility:hidden !important;\"><label for=\"wpcf7-69e4db013643d-field\" class=\"hp-message\">Please leave this field empty.<\/label><input id=\"wpcf7-69e4db013643d-field\"  class=\"wpcf7-form-control wpcf7-text\" type=\"text\" name=\"honeypot-web\" value=\"\" size=\"40\" tabindex=\"-1\" autocomplete=\"off\" \/><\/span><br \/>\n<input class=\"wpcf7-form-control wpcf7-submit has-spinner\" type=\"submit\" value=\"Request Quote\" \/>\n<\/p><p style=\"display: none !important;\" class=\"akismet-fields-container\" data-prefix=\"_wpcf7_ak_\"><label>&#916;<textarea name=\"_wpcf7_ak_hp_textarea\" cols=\"45\" rows=\"8\" maxlength=\"100\"><\/textarea><\/label><input type=\"hidden\" id=\"ak_js_1\" name=\"_wpcf7_ak_js\" value=\"237\"\/><script>document.getElementById( \"ak_js_1\" ).setAttribute( \"value\", ( new Date() ).getTime() );<\/script><\/p><input type='hidden' class='wpcf7-pum' value='{\"closepopup\":false,\"closedelay\":0,\"openpopup\":false,\"openpopup_id\":0}' \/><div class=\"wpcf7-response-output\" aria-hidden=\"true\"><\/div>\n<input type=\"hidden\" name=\"trp-form-language\" value=\"en\"\/><\/form>\n<\/div>\n\n\t\t\t<\/div> \n\t\t<\/div>\n\t<\/div> \n<\/div><\/div>","protected":false},"excerpt":{"rendered":"Envie-me um mail e receba a tablatura em poucos dias. Solicitar Or\u00e7amento - Tablatura *Nota: Pre\u00e7o varia consoante a m\u00fasica e extens\u00e3o da encomenda. Ser\u00e1 contactado(a) previamente por email. Nome...","protected":false},"author":1,"featured_media":0,"parent":0,"menu_order":0,"comment_status":"closed","ping_status":"closed","template":"","meta":{"inline_featured_image":false,"footnotes":""},"class_list":["post-9604","page","type-page","status-publish"],"yoast_head":"<!-- This site is optimized with the Yoast SEO plugin v27.4 - https:\/\/yoast.com\/product\/yoast-seo-wordpress\/ -->\n<title>Solicitar Or\u00e7amento - Tablatura - Ricardo Mata - Professor de M\u00fasica<\/title>\n<meta name=\"robots\" content=\"index, follow, max-snippet:-1, max-image-preview:large, max-video-preview:-1\" \/>\n<link rel=\"canonical\" href=\"https:\/\/www.ricardomata.net\/en\/solicitar-orcamento-tablatura\/\" \/>\n<meta property=\"og:locale\" content=\"en_GB\" \/>\n<meta property=\"og:type\" content=\"article\" \/>\n<meta property=\"og:title\" content=\"Solicitar Or\u00e7amento - Tablatura - Ricardo Mata - Professor de M\u00fasica\" \/>\n<meta property=\"og:url\" content=\"https:\/\/www.ricardomata.net\/en\/solicitar-orcamento-tablatura\/\" \/>\n<meta property=\"og:site_name\" content=\"Ricardo Mata - Professor de M\u00fasica\" \/>\n<meta property=\"article:publisher\" content=\"https:\/\/www.facebook.com\/EscolaMusicaRicardoMata\" \/>\n<meta property=\"article:modified_time\" content=\"2021-11-22T11:48:44+00:00\" \/>\n<meta property=\"og:image\" content=\"https:\/\/www.ricardomata.net\/wp-content\/uploads\/2021\/11\/home-slider-guitarra-portuguesa.jpg\" \/>\n\t<meta property=\"og:image:width\" content=\"1619\" \/>\n\t<meta property=\"og:image:height\" content=\"1080\" \/>\n\t<meta property=\"og:image:type\" content=\"image\/jpeg\" \/>\n<meta name=\"twitter:card\" content=\"summary_large_image\" \/>\n<meta name=\"twitter:site\" content=\"@ricardomata_net\" \/>\n<meta name=\"twitter:label1\" content=\"Estimated reading time\" \/>\n\t<meta name=\"twitter:data1\" content=\"2 minutes\" \/>\n<script type=\"application\/ld+json\" class=\"yoast-schema-graph\">{\"@context\":\"https:\\\/\\\/schema.org\",\"@graph\":[{\"@type\":\"WebPage\",\"@id\":\"https:\\\/\\\/www.ricardomata.net\\\/solicitar-orcamento-tablatura\\\/\",\"url\":\"https:\\\/\\\/www.ricardomata.net\\\/solicitar-orcamento-tablatura\\\/\",\"name\":\"Solicitar Or\u00e7amento - Tablatura - Ricardo Mata - Professor de M\u00fasica\",\"isPartOf\":{\"@id\":\"https:\\\/\\\/www.ricardomata.net\\\/#website\"},\"datePublished\":\"2021-11-04T19:37:44+00:00\",\"dateModified\":\"2021-11-22T11:48:44+00:00\",\"breadcrumb\":{\"@id\":\"https:\\\/\\\/www.ricardomata.net\\\/solicitar-orcamento-tablatura\\\/#breadcrumb\"},\"inLanguage\":\"en-GB\",\"potentialAction\":[{\"@type\":\"ReadAction\",\"target\":[\"https:\\\/\\\/www.ricardomata.net\\\/solicitar-orcamento-tablatura\\\/\"]}]},{\"@type\":\"BreadcrumbList\",\"@id\":\"https:\\\/\\\/www.ricardomata.net\\\/solicitar-orcamento-tablatura\\\/#breadcrumb\",\"itemListElement\":[{\"@type\":\"ListItem\",\"position\":1,\"name\":\"In\u00edcio\",\"item\":\"https:\\\/\\\/www.ricardomata.net\\\/\"},{\"@type\":\"ListItem\",\"position\":2,\"name\":\"Solicitar Or\u00e7amento &#8211; Tablatura\"}]},{\"@type\":\"WebSite\",\"@id\":\"https:\\\/\\\/www.ricardomata.net\\\/#website\",\"url\":\"https:\\\/\\\/www.ricardomata.net\\\/\",\"name\":\"Ricardo Mata \u2014 Professor de Guitarra Cl\u00e1ssica e Portuguesa\",\"description\":\"Aulas de Guitarra Cl\u00e1ssica e Guitarra Portuguesa\",\"publisher\":{\"@id\":\"https:\\\/\\\/www.ricardomata.net\\\/#organization\"},\"alternateName\":\"Ricardo Mata\",\"potentialAction\":[{\"@type\":\"SearchAction\",\"target\":{\"@type\":\"EntryPoint\",\"urlTemplate\":\"https:\\\/\\\/www.ricardomata.net\\\/?s={search_term_string}\"},\"query-input\":{\"@type\":\"PropertyValueSpecification\",\"valueRequired\":true,\"valueName\":\"search_term_string\"}}],\"inLanguage\":\"en-GB\"},{\"@type\":\"Organization\",\"@id\":\"https:\\\/\\\/www.ricardomata.net\\\/#organization\",\"name\":\"Ricardo Mata \u2014 Professor de Guitarra Cl\u00e1ssica e Portuguesa\",\"alternateName\":\"Ricardo Mata\",\"url\":\"https:\\\/\\\/www.ricardomata.net\\\/\",\"logo\":{\"@type\":\"ImageObject\",\"inLanguage\":\"en-GB\",\"@id\":\"https:\\\/\\\/www.ricardomata.net\\\/#\\\/schema\\\/logo\\\/image\\\/\",\"url\":\"https:\\\/\\\/www.ricardomata.net\\\/wp-content\\\/uploads\\\/2021\\\/08\\\/mata-2.png\",\"contentUrl\":\"https:\\\/\\\/www.ricardomata.net\\\/wp-content\\\/uploads\\\/2021\\\/08\\\/mata-2.png\",\"width\":300,\"height\":300,\"caption\":\"Ricardo Mata \u2014 Professor de Guitarra Cl\u00e1ssica e Portuguesa\"},\"image\":{\"@id\":\"https:\\\/\\\/www.ricardomata.net\\\/#\\\/schema\\\/logo\\\/image\\\/\"},\"sameAs\":[\"https:\\\/\\\/www.facebook.com\\\/EscolaMusicaRicardoMata\",\"https:\\\/\\\/x.com\\\/ricardomata_net\",\"https:\\\/\\\/www.instagram.com\\\/escola_de_musica_ricardomata\\\/\",\"https:\\\/\\\/www.youtube.com\\\/ferreiramata\"]}]}<\/script>\n<!-- \/ Yoast SEO plugin. -->","yoast_head_json":{"title":"Solicitar Or\u00e7amento - Tablatura - Ricardo Mata - Professor de M\u00fasica","robots":{"index":"index","follow":"follow","max-snippet":"max-snippet:-1","max-image-preview":"max-image-preview:large","max-video-preview":"max-video-preview:-1"},"canonical":"https:\/\/www.ricardomata.net\/en\/solicitar-orcamento-tablatura\/","og_locale":"en_GB","og_type":"article","og_title":"Solicitar Or\u00e7amento - Tablatura - Ricardo Mata - Professor de M\u00fasica","og_url":"https:\/\/www.ricardomata.net\/en\/solicitar-orcamento-tablatura\/","og_site_name":"Ricardo Mata - Professor de M\u00fasica","article_publisher":"https:\/\/www.facebook.com\/EscolaMusicaRicardoMata","article_modified_time":"2021-11-22T11:48:44+00:00","og_image":[{"width":1619,"height":1080,"url":"https:\/\/www.ricardomata.net\/wp-content\/uploads\/2021\/11\/home-slider-guitarra-portuguesa.jpg","type":"image\/jpeg"}],"twitter_card":"summary_large_image","twitter_site":"@ricardomata_net","twitter_misc":{"Estimated reading time":"2 minutes"},"schema":{"@context":"https:\/\/schema.org","@graph":[{"@type":"WebPage","@id":"https:\/\/www.ricardomata.net\/solicitar-orcamento-tablatura\/","url":"https:\/\/www.ricardomata.net\/solicitar-orcamento-tablatura\/","name":"Solicitar Or\u00e7amento - Tablatura - Ricardo Mata - Professor de M\u00fasica","isPartOf":{"@id":"https:\/\/www.ricardomata.net\/#website"},"datePublished":"2021-11-04T19:37:44+00:00","dateModified":"2021-11-22T11:48:44+00:00","breadcrumb":{"@id":"https:\/\/www.ricardomata.net\/solicitar-orcamento-tablatura\/#breadcrumb"},"inLanguage":"en-GB","potentialAction":[{"@type":"ReadAction","target":["https:\/\/www.ricardomata.net\/solicitar-orcamento-tablatura\/"]}]},{"@type":"BreadcrumbList","@id":"https:\/\/www.ricardomata.net\/solicitar-orcamento-tablatura\/#breadcrumb","itemListElement":[{"@type":"ListItem","position":1,"name":"In\u00edcio","item":"https:\/\/www.ricardomata.net\/"},{"@type":"ListItem","position":2,"name":"Solicitar Or\u00e7amento &#8211; Tablatura"}]},{"@type":"WebSite","@id":"https:\/\/www.ricardomata.net\/#website","url":"https:\/\/www.ricardomata.net\/","name":"Ricardo Mata \u2014 Professor de Guitarra Cl\u00e1ssica e Portuguesa","description":"Aulas de Guitarra Cl\u00e1ssica e Guitarra Portuguesa","publisher":{"@id":"https:\/\/www.ricardomata.net\/#organization"},"alternateName":"Ricardo Mata","potentialAction":[{"@type":"SearchAction","target":{"@type":"EntryPoint","urlTemplate":"https:\/\/www.ricardomata.net\/?s={search_term_string}"},"query-input":{"@type":"PropertyValueSpecification","valueRequired":true,"valueName":"search_term_string"}}],"inLanguage":"en-GB"},{"@type":"Organization","@id":"https:\/\/www.ricardomata.net\/#organization","name":"Ricardo Mata \u2014 Professor de Guitarra Cl\u00e1ssica e Portuguesa","alternateName":"Ricardo Mata","url":"https:\/\/www.ricardomata.net\/","logo":{"@type":"ImageObject","inLanguage":"en-GB","@id":"https:\/\/www.ricardomata.net\/#\/schema\/logo\/image\/","url":"https:\/\/www.ricardomata.net\/wp-content\/uploads\/2021\/08\/mata-2.png","contentUrl":"https:\/\/www.ricardomata.net\/wp-content\/uploads\/2021\/08\/mata-2.png","width":300,"height":300,"caption":"Ricardo Mata \u2014 Professor de Guitarra Cl\u00e1ssica e Portuguesa"},"image":{"@id":"https:\/\/www.ricardomata.net\/#\/schema\/logo\/image\/"},"sameAs":["https:\/\/www.facebook.com\/EscolaMusicaRicardoMata","https:\/\/x.com\/ricardomata_net","https:\/\/www.instagram.com\/escola_de_musica_ricardomata\/","https:\/\/www.youtube.com\/ferreiramata"]}]}},"_links":{"self":[{"href":"https:\/\/www.ricardomata.net\/en\/wp-json\/wp\/v2\/pages\/9604","targetHints":{"allow":["GET"]}}],"collection":[{"href":"https:\/\/www.ricardomata.net\/en\/wp-json\/wp\/v2\/pages"}],"about":[{"href":"https:\/\/www.ricardomata.net\/en\/wp-json\/wp\/v2\/types\/page"}],"author":[{"embeddable":true,"href":"https:\/\/www.ricardomata.net\/en\/wp-json\/wp\/v2\/users\/1"}],"replies":[{"embeddable":true,"href":"https:\/\/www.ricardomata.net\/en\/wp-json\/wp\/v2\/comments?post=9604"}],"version-history":[{"count":0,"href":"https:\/\/www.ricardomata.net\/en\/wp-json\/wp\/v2\/pages\/9604\/revisions"}],"wp:attachment":[{"href":"https:\/\/www.ricardomata.net\/en\/wp-json\/wp\/v2\/media?parent=9604"}],"curies":[{"name":"wp","href":"https:\/\/api.w.org\/{rel}","templated":true}]}}