{"id":9790,"date":"2020-12-22T16:49:22","date_gmt":"2020-12-22T16:49:22","guid":{"rendered":"https:\/\/new.ricardomata.net\/?product=partitura-tudo-isto-e-fado-amalia"},"modified":"2022-03-02T13:20:07","modified_gmt":"2022-03-02T13:20:07","slug":"partitura-tudo-isto-e-fado-amalia","status":"publish","type":"product","link":"https:\/\/www.ricardomata.net\/en\/product\/partitura-tudo-isto-e-fado-amalia\/","title":{"rendered":"Partitura &#8211; Tudo Isto \u00e9 Fado &#8211; Am\u00e1lia"},"content":{"rendered":"<p>Partitura &#8211; &#8220;Tudo Isto \u00e9 Fado&#8221; de Am\u00e1lia Rodrigues,\u00a0com arranjo para guitarra cl\u00e1ssica.<\/p>\n<p>Note:<br \/>\nThe scores, after their purchase, can only be read\/ consulted through this website and the customer's private area.<br \/>\nPDFs cannot be downloaded.<\/p>","protected":false},"excerpt":{"rendered":"<p>Partitura &#8211; &#8220;Tudo Isto \u00e9 Fado&#8221; de Am\u00e1lia Rodrigues,\u00a0com arranjo para guitarra cl\u00e1ssica.<\/p>","protected":false},"featured_media":9791,"comment_status":"open","ping_status":"closed","template":"","meta":{"inline_featured_image":false},"product_brand":[],"product_cat":[104],"product_tag":[69,79,85],"class_list":{"0":"post-9790","1":"product","2":"type-product","3":"status-publish","4":"has-post-thumbnail","6":"product_cat-partituras-guitarra-classica","7":"product_tag-amalia-rodrigues","8":"product_tag-fado","9":"product_tag-partitura","11":"first","12":"instock","13":"downloadable","14":"shipping-taxable","15":"purchasable","16":"product-type-simple"},"yoast_head":"<!-- This site is optimized with the Yoast SEO plugin v27.6 - https:\/\/yoast.com\/product\/yoast-seo-wordpress\/ -->\n<title>Partitura - Tudo Isto \u00e9 Fado - Am\u00e1lia - Ricardo Mata - Professor de M\u00fasica<\/title>\n<meta name=\"robots\" content=\"index, follow, max-snippet:-1, max-image-preview:large, max-video-preview:-1\" \/>\n<link rel=\"canonical\" href=\"https:\/\/www.ricardomata.net\/en\/product\/partitura-tudo-isto-e-fado-amalia\/\" \/>\n<meta property=\"og:locale\" content=\"en_GB\" \/>\n<meta property=\"og:type\" content=\"article\" \/>\n<meta property=\"og:title\" content=\"Partitura - Tudo Isto \u00e9 Fado - Am\u00e1lia - Ricardo Mata - Professor de M\u00fasica\" \/>\n<meta property=\"og:description\" content=\"Partitura - &quot;Tudo Isto \u00e9 Fado&quot; de Am\u00e1lia Rodrigues,\u00a0com arranjo para guitarra cl\u00e1ssica.\" \/>\n<meta property=\"og:url\" content=\"https:\/\/www.ricardomata.net\/en\/product\/partitura-tudo-isto-e-fado-amalia\/\" \/>\n<meta property=\"og:site_name\" content=\"Ricardo Mata - Professor de M\u00fasica\" \/>\n<meta property=\"article:publisher\" content=\"https:\/\/www.facebook.com\/EscolaMusicaRicardoMata\" \/>\n<meta property=\"article:modified_time\" content=\"2022-03-02T13:20:07+00:00\" \/>\n<meta property=\"og:image\" content=\"https:\/\/www.ricardomata.net\/wp-content\/uploads\/2022\/03\/TudoIstoeFadoAmalia.jpg\" \/>\n\t<meta property=\"og:image:width\" content=\"512\" \/>\n\t<meta property=\"og:image:height\" content=\"512\" \/>\n\t<meta property=\"og:image:type\" content=\"image\/jpeg\" \/>\n<meta name=\"twitter:card\" content=\"summary_large_image\" \/>\n<meta name=\"twitter:site\" content=\"@ricardomata_net\" \/>\n<script type=\"application\/ld+json\" class=\"yoast-schema-graph\">{\"@context\":\"https:\\\/\\\/schema.org\",\"@graph\":[{\"@type\":\"WebPage\",\"@id\":\"https:\\\/\\\/www.ricardomata.net\\\/en\\\/product\\\/partitura-tudo-isto-e-fado-amalia\\\/\",\"url\":\"https:\\\/\\\/www.ricardomata.net\\\/en\\\/product\\\/partitura-tudo-isto-e-fado-amalia\\\/\",\"name\":\"Partitura - Tudo Isto \u00e9 Fado - Am\u00e1lia - Ricardo Mata - Professor de M\u00fasica\",\"isPartOf\":{\"@id\":\"https:\\\/\\\/www.ricardomata.net\\\/#website\"},\"primaryImageOfPage\":{\"@id\":\"https:\\\/\\\/www.ricardomata.net\\\/en\\\/product\\\/partitura-tudo-isto-e-fado-amalia\\\/#primaryimage\"},\"image\":{\"@id\":\"https:\\\/\\\/www.ricardomata.net\\\/en\\\/product\\\/partitura-tudo-isto-e-fado-amalia\\\/#primaryimage\"},\"thumbnailUrl\":\"https:\\\/\\\/www.ricardomata.net\\\/wp-content\\\/uploads\\\/2022\\\/03\\\/TudoIstoeFadoAmalia.jpg\",\"datePublished\":\"2020-12-22T16:49:22+00:00\",\"dateModified\":\"2022-03-02T13:20:07+00:00\",\"breadcrumb\":{\"@id\":\"https:\\\/\\\/www.ricardomata.net\\\/en\\\/product\\\/partitura-tudo-isto-e-fado-amalia\\\/#breadcrumb\"},\"inLanguage\":\"en-GB\",\"potentialAction\":[{\"@type\":\"ReadAction\",\"target\":[\"https:\\\/\\\/www.ricardomata.net\\\/en\\\/product\\\/partitura-tudo-isto-e-fado-amalia\\\/\"]}]},{\"@type\":\"ImageObject\",\"inLanguage\":\"en-GB\",\"@id\":\"https:\\\/\\\/www.ricardomata.net\\\/en\\\/product\\\/partitura-tudo-isto-e-fado-amalia\\\/#primaryimage\",\"url\":\"https:\\\/\\\/www.ricardomata.net\\\/wp-content\\\/uploads\\\/2022\\\/03\\\/TudoIstoeFadoAmalia.jpg\",\"contentUrl\":\"https:\\\/\\\/www.ricardomata.net\\\/wp-content\\\/uploads\\\/2022\\\/03\\\/TudoIstoeFadoAmalia.jpg\",\"width\":512,\"height\":512,\"caption\":\"Tudo Isto \u00e9 Fado - Am\u00e1lia\"},{\"@type\":\"BreadcrumbList\",\"@id\":\"https:\\\/\\\/www.ricardomata.net\\\/en\\\/product\\\/partitura-tudo-isto-e-fado-amalia\\\/#breadcrumb\",\"itemListElement\":[{\"@type\":\"ListItem\",\"position\":1,\"name\":\"In\u00edcio\",\"item\":\"https:\\\/\\\/www.ricardomata.net\\\/\"},{\"@type\":\"ListItem\",\"position\":2,\"name\":\"Loja\",\"item\":\"https:\\\/\\\/www.ricardomata.net\\\/en\\\/loja\\\/\"},{\"@type\":\"ListItem\",\"position\":3,\"name\":\"Partitura &#8211; Tudo Isto \u00e9 Fado &#8211; Am\u00e1lia\"}]},{\"@type\":\"WebSite\",\"@id\":\"https:\\\/\\\/www.ricardomata.net\\\/#website\",\"url\":\"https:\\\/\\\/www.ricardomata.net\\\/\",\"name\":\"Ricardo Mata \u2014 Professor de Guitarra Cl\u00e1ssica e Portuguesa\",\"description\":\"Aulas de Guitarra Cl\u00e1ssica e Guitarra Portuguesa\",\"publisher\":{\"@id\":\"https:\\\/\\\/www.ricardomata.net\\\/#organization\"},\"alternateName\":\"Ricardo Mata\",\"potentialAction\":[{\"@type\":\"SearchAction\",\"target\":{\"@type\":\"EntryPoint\",\"urlTemplate\":\"https:\\\/\\\/www.ricardomata.net\\\/?s={search_term_string}\"},\"query-input\":{\"@type\":\"PropertyValueSpecification\",\"valueRequired\":true,\"valueName\":\"search_term_string\"}}],\"inLanguage\":\"en-GB\"},{\"@type\":\"Organization\",\"@id\":\"https:\\\/\\\/www.ricardomata.net\\\/#organization\",\"name\":\"Ricardo Mata \u2014 Professor de Guitarra Cl\u00e1ssica e Portuguesa\",\"alternateName\":\"Ricardo Mata\",\"url\":\"https:\\\/\\\/www.ricardomata.net\\\/\",\"logo\":{\"@type\":\"ImageObject\",\"inLanguage\":\"en-GB\",\"@id\":\"https:\\\/\\\/www.ricardomata.net\\\/#\\\/schema\\\/logo\\\/image\\\/\",\"url\":\"https:\\\/\\\/www.ricardomata.net\\\/wp-content\\\/uploads\\\/2021\\\/08\\\/mata-2.png\",\"contentUrl\":\"https:\\\/\\\/www.ricardomata.net\\\/wp-content\\\/uploads\\\/2021\\\/08\\\/mata-2.png\",\"width\":300,\"height\":300,\"caption\":\"Ricardo Mata \u2014 Professor de Guitarra Cl\u00e1ssica e Portuguesa\"},\"image\":{\"@id\":\"https:\\\/\\\/www.ricardomata.net\\\/#\\\/schema\\\/logo\\\/image\\\/\"},\"sameAs\":[\"https:\\\/\\\/www.facebook.com\\\/EscolaMusicaRicardoMata\",\"https:\\\/\\\/x.com\\\/ricardomata_net\",\"https:\\\/\\\/www.instagram.com\\\/escola_de_musica_ricardomata\\\/\",\"https:\\\/\\\/www.youtube.com\\\/ferreiramata\"]}]}<\/script>\n<!-- \/ Yoast SEO plugin. -->","yoast_head_json":{"title":"Partitura - Tudo Isto \u00e9 Fado - Am\u00e1lia - Ricardo Mata - Professor de M\u00fasica","robots":{"index":"index","follow":"follow","max-snippet":"max-snippet:-1","max-image-preview":"max-image-preview:large","max-video-preview":"max-video-preview:-1"},"canonical":"https:\/\/www.ricardomata.net\/en\/product\/partitura-tudo-isto-e-fado-amalia\/","og_locale":"en_GB","og_type":"article","og_title":"Partitura - Tudo Isto \u00e9 Fado - Am\u00e1lia - Ricardo Mata - Professor de M\u00fasica","og_description":"Partitura - \"Tudo Isto \u00e9 Fado\" de Am\u00e1lia Rodrigues,\u00a0com arranjo para guitarra cl\u00e1ssica.","og_url":"https:\/\/www.ricardomata.net\/en\/product\/partitura-tudo-isto-e-fado-amalia\/","og_site_name":"Ricardo Mata - Professor de M\u00fasica","article_publisher":"https:\/\/www.facebook.com\/EscolaMusicaRicardoMata","article_modified_time":"2022-03-02T13:20:07+00:00","og_image":[{"width":512,"height":512,"url":"https:\/\/www.ricardomata.net\/wp-content\/uploads\/2022\/03\/TudoIstoeFadoAmalia.jpg","type":"image\/jpeg"}],"twitter_card":"summary_large_image","twitter_site":"@ricardomata_net","schema":{"@context":"https:\/\/schema.org","@graph":[{"@type":"WebPage","@id":"https:\/\/www.ricardomata.net\/en\/product\/partitura-tudo-isto-e-fado-amalia\/","url":"https:\/\/www.ricardomata.net\/en\/product\/partitura-tudo-isto-e-fado-amalia\/","name":"Partitura - Tudo Isto \u00e9 Fado - Am\u00e1lia - Ricardo Mata - Professor de M\u00fasica","isPartOf":{"@id":"https:\/\/www.ricardomata.net\/#website"},"primaryImageOfPage":{"@id":"https:\/\/www.ricardomata.net\/en\/product\/partitura-tudo-isto-e-fado-amalia\/#primaryimage"},"image":{"@id":"https:\/\/www.ricardomata.net\/en\/product\/partitura-tudo-isto-e-fado-amalia\/#primaryimage"},"thumbnailUrl":"https:\/\/www.ricardomata.net\/wp-content\/uploads\/2022\/03\/TudoIstoeFadoAmalia.jpg","datePublished":"2020-12-22T16:49:22+00:00","dateModified":"2022-03-02T13:20:07+00:00","breadcrumb":{"@id":"https:\/\/www.ricardomata.net\/en\/product\/partitura-tudo-isto-e-fado-amalia\/#breadcrumb"},"inLanguage":"en-GB","potentialAction":[{"@type":"ReadAction","target":["https:\/\/www.ricardomata.net\/en\/product\/partitura-tudo-isto-e-fado-amalia\/"]}]},{"@type":"ImageObject","inLanguage":"en-GB","@id":"https:\/\/www.ricardomata.net\/en\/product\/partitura-tudo-isto-e-fado-amalia\/#primaryimage","url":"https:\/\/www.ricardomata.net\/wp-content\/uploads\/2022\/03\/TudoIstoeFadoAmalia.jpg","contentUrl":"https:\/\/www.ricardomata.net\/wp-content\/uploads\/2022\/03\/TudoIstoeFadoAmalia.jpg","width":512,"height":512,"caption":"Tudo Isto \u00e9 Fado - Am\u00e1lia"},{"@type":"BreadcrumbList","@id":"https:\/\/www.ricardomata.net\/en\/product\/partitura-tudo-isto-e-fado-amalia\/#breadcrumb","itemListElement":[{"@type":"ListItem","position":1,"name":"In\u00edcio","item":"https:\/\/www.ricardomata.net\/"},{"@type":"ListItem","position":2,"name":"Loja","item":"https:\/\/www.ricardomata.net\/en\/loja\/"},{"@type":"ListItem","position":3,"name":"Partitura &#8211; Tudo Isto \u00e9 Fado &#8211; Am\u00e1lia"}]},{"@type":"WebSite","@id":"https:\/\/www.ricardomata.net\/#website","url":"https:\/\/www.ricardomata.net\/","name":"Ricardo Mata \u2014 Professor de Guitarra Cl\u00e1ssica e Portuguesa","description":"Aulas de Guitarra Cl\u00e1ssica e Guitarra Portuguesa","publisher":{"@id":"https:\/\/www.ricardomata.net\/#organization"},"alternateName":"Ricardo Mata","potentialAction":[{"@type":"SearchAction","target":{"@type":"EntryPoint","urlTemplate":"https:\/\/www.ricardomata.net\/?s={search_term_string}"},"query-input":{"@type":"PropertyValueSpecification","valueRequired":true,"valueName":"search_term_string"}}],"inLanguage":"en-GB"},{"@type":"Organization","@id":"https:\/\/www.ricardomata.net\/#organization","name":"Ricardo Mata \u2014 Professor de Guitarra Cl\u00e1ssica e Portuguesa","alternateName":"Ricardo Mata","url":"https:\/\/www.ricardomata.net\/","logo":{"@type":"ImageObject","inLanguage":"en-GB","@id":"https:\/\/www.ricardomata.net\/#\/schema\/logo\/image\/","url":"https:\/\/www.ricardomata.net\/wp-content\/uploads\/2021\/08\/mata-2.png","contentUrl":"https:\/\/www.ricardomata.net\/wp-content\/uploads\/2021\/08\/mata-2.png","width":300,"height":300,"caption":"Ricardo Mata \u2014 Professor de Guitarra Cl\u00e1ssica e Portuguesa"},"image":{"@id":"https:\/\/www.ricardomata.net\/#\/schema\/logo\/image\/"},"sameAs":["https:\/\/www.facebook.com\/EscolaMusicaRicardoMata","https:\/\/x.com\/ricardomata_net","https:\/\/www.instagram.com\/escola_de_musica_ricardomata\/","https:\/\/www.youtube.com\/ferreiramata"]}]}},"_links":{"self":[{"href":"https:\/\/www.ricardomata.net\/en\/wp-json\/wp\/v2\/product\/9790","targetHints":{"allow":["GET"]}}],"collection":[{"href":"https:\/\/www.ricardomata.net\/en\/wp-json\/wp\/v2\/product"}],"about":[{"href":"https:\/\/www.ricardomata.net\/en\/wp-json\/wp\/v2\/types\/product"}],"replies":[{"embeddable":true,"href":"https:\/\/www.ricardomata.net\/en\/wp-json\/wp\/v2\/comments?post=9790"}],"wp:featuredmedia":[{"embeddable":true,"href":"https:\/\/www.ricardomata.net\/en\/wp-json\/wp\/v2\/media\/9791"}],"wp:attachment":[{"href":"https:\/\/www.ricardomata.net\/en\/wp-json\/wp\/v2\/media?parent=9790"}],"wp:term":[{"taxonomy":"product_brand","embeddable":true,"href":"https:\/\/www.ricardomata.net\/en\/wp-json\/wp\/v2\/product_brand?post=9790"},{"taxonomy":"product_cat","embeddable":true,"href":"https:\/\/www.ricardomata.net\/en\/wp-json\/wp\/v2\/product_cat?post=9790"},{"taxonomy":"product_tag","embeddable":true,"href":"https:\/\/www.ricardomata.net\/en\/wp-json\/wp\/v2\/product_tag?post=9790"}],"curies":[{"name":"wp","href":"https:\/\/api.w.org\/{rel}","templated":true}]}}